{"id":9,"date":"2026-02-23T14:21:36","date_gmt":"2026-02-23T17:21:36","guid":{"rendered":"https:\/\/test.desentupidoracanal.com.br\/?page_id=9"},"modified":"2026-03-13T10:06:42","modified_gmt":"2026-03-13T13:06:42","slug":"sobre","status":"publish","type":"page","link":"https:\/\/desentupidoracanal.com.br\/index.php\/sobre\/","title":{"rendered":"Sobre n\u00f3s"},"content":{"rendered":"\n<p class=\"has-black-color has-text-color has-link-color wp-elements-e749e0b91d1e7dfdef427b9f10501616\">A Desentupidora Canal LTDA \u00e9 uma empresa especializada em servi\u00e7os de desentupimento, limpeza e manuten\u00e7\u00e3o de sistemas hidr\u00e1ulicos e redes de esgoto.<\/p>\n\n\n\n<p class=\"has-black-color has-text-color has-link-color wp-elements-cfd064d6544cfa6c224ec39ac4863cb0\">Atendemos resid\u00eancias, condom\u00ednios, com\u00e9rcios e ind\u00fastrias, oferecendo solu\u00e7\u00f5es eficientes para problemas como entupimentos, refluxos e obstru\u00e7\u00f5es.<\/p>\n\n\n\n<p class=\"has-black-color has-text-color has-link-color wp-elements-45a8440a0083c839b047831fee07133c\">Nossa miss\u00e3o \u00e9 proporcionar tranquilidade e seguran\u00e7a aos nossos clientes, utilizando tecnologia adequada e pr\u00e1ticas respons\u00e1veis.<\/p>\n\n\n\n<div class=\"wp-block-cover alignfull\" style=\"min-height:600px;aspect-ratio:unset;\"><span aria-hidden=\"true\" class=\"wp-block-cover__background has-nv-light-bg-background-color has-background-dim-100 has-background-dim\"><\/span><div class=\"wp-block-cover__inner-container is-layout-flow wp-block-cover-is-layout-flow\">\n<div class=\"wp-block-group is-layout-flow wp-block-group-is-layout-flow\">\n<p><\/p>\n\n\n\n<div class=\"wp-block-columns are-vertically-aligned-center has-black-color has-white-background-color has-text-color has-background is-layout-flex wp-container-core-columns-is-layout-28f84493 wp-block-columns-is-layout-flex\">\n<div class=\"wp-block-column is-vertically-aligned-center is-layout-flow wp-block-column-is-layout-flow\" style=\"padding-right:var(--wp--preset--spacing--30);padding-left:var(--wp--preset--spacing--30);flex-basis:50%\">\n<figure class=\"wp-block-image size-full has-custom-border\"><img fetchpriority=\"high\" decoding=\"async\" width=\"1200\" height=\"1600\" src=\"https:\/\/test.desentupidoracanal.com.br\/wp-content\/uploads\/2026\/03\/limpezadecaixadagua.jpeg\" alt=\"\" class=\"wp-image-284\" style=\"border-radius:16px\" srcset=\"https:\/\/desentupidoracanal.com.br\/wp-content\/uploads\/2026\/03\/limpezadecaixadagua.jpeg 1200w, https:\/\/desentupidoracanal.com.br\/wp-content\/uploads\/2026\/03\/limpezadecaixadagua-225x300.jpeg 225w, https:\/\/desentupidoracanal.com.br\/wp-content\/uploads\/2026\/03\/limpezadecaixadagua-768x1024.jpeg 768w, https:\/\/desentupidoracanal.com.br\/wp-content\/uploads\/2026\/03\/limpezadecaixadagua-1152x1536.jpeg 1152w\" sizes=\"(max-width: 1200px) 100vw, 1200px\" \/><\/figure>\n<\/div>\n\n\n\n<div class=\"wp-block-column is-vertically-aligned-center is-layout-flow wp-block-column-is-layout-flow\" style=\"padding-top:0;padding-right:var(--wp--preset--spacing--30);padding-bottom:0;padding-left:var(--wp--preset--spacing--30);flex-basis:50%\">\n<h2 class=\"wp-block-heading has-neve-text-color-color has-text-color\">Nossa hist\u00f3ria<\/h2>\n\n\n\n<p class=\"has-neve-text-color-color has-text-color\">Nascemos com o prop\u00f3sito de oferecer servi\u00e7os de desentupimento com mais responsabilidade, agilidade e qualidade t\u00e9cnica. Desde o in\u00edcio, nosso foco sempre foi atender cada cliente com seriedade, transpar\u00eancia e compromisso com o resultado.<\/p>\n\n\n\n<p>Ao longo dos anos, conquistamos a confian\u00e7a de resid\u00eancias, com\u00e9rcios, condom\u00ednios e empresas por meio de um atendimento r\u00e1pido e solu\u00e7\u00f5es eficazes. Investimos continuamente em equipamentos modernos e capacita\u00e7\u00e3o profissional, garantindo servi\u00e7os cada vez mais seguros e eficientes.<\/p>\n\n\n\n<p>Nossa trajet\u00f3ria \u00e9 constru\u00edda com base em trabalho s\u00e9rio, \u00e9tica e dedica\u00e7\u00e3o. Cada chamado atendido \u00e9 uma oportunidade de reafirmar nosso compromisso com a excel\u00eancia e com a satisfa\u00e7\u00e3o dos nossos clientes.<\/p>\n\n\n\n<p class=\"has-neve-text-color-color has-text-color\">Seguimos crescendo, evoluindo e aprimorando nossos servi\u00e7os, sempre com o objetivo de ser refer\u00eancia em desentupimento e manuten\u00e7\u00e3o preventiva na regi\u00e3o.<\/p>\n<\/div>\n<\/div>\n\n\n\n<div style=\"height:40px\" aria-hidden=\"true\" class=\"wp-block-spacer\"><\/div>\n<\/div>\n<\/div><\/div>\n\n\n\n<div class=\"wp-block-cover alignfull\" style=\"min-height:600px;aspect-ratio:unset;\"><span aria-hidden=\"true\" class=\"wp-block-cover__background has-nv-dark-bg-background-color has-background-dim-100 has-background-dim\"><\/span><div class=\"wp-block-cover__inner-container is-layout-flow wp-block-cover-is-layout-flow\">\n<div class=\"wp-block-group is-layout-flow wp-block-group-is-layout-flow\">\n<div style=\"height:80px\" aria-hidden=\"true\" class=\"wp-block-spacer\"><\/div>\n\n\n\n<div class=\"wp-block-columns are-vertically-aligned-center has-black-color has-white-background-color has-text-color has-background has-link-color wp-elements-0cd7088072ffc0ce103e31e3b9cf31a1 is-layout-flex wp-container-core-columns-is-layout-28f84493 wp-block-columns-is-layout-flex\">\n<div class=\"wp-block-column is-vertically-aligned-center is-layout-flow wp-block-column-is-layout-flow\" style=\"padding-right:var(--wp--preset--spacing--30);padding-left:var(--wp--preset--spacing--30);flex-basis:50%\">\n<h2 class=\"wp-block-heading has-nv-text-dark-bg-color has-text-color\">Solu\u00e7\u00f5es sob medida<\/h2>\n\n\n\n<p class=\"has-nv-text-dark-bg-color has-text-color\">Entendemos que cada situa\u00e7\u00e3o exige uma abordagem espec\u00edfica. Por isso, oferecemos solu\u00e7\u00f5es sob medida, analisando cuidadosamente cada problema antes de definir a melhor estrat\u00e9gia de execu\u00e7\u00e3o.<\/p>\n\n\n\n<p>Seja um atendimento emergencial, uma manuten\u00e7\u00e3o preventiva ou um servi\u00e7o t\u00e9cnico mais complexo, nossa equipe avalia as condi\u00e7\u00f5es do local, identifica a causa do problema e aplica a solu\u00e7\u00e3o mais adequada, com efici\u00eancia e seguran\u00e7a.<\/p>\n\n\n\n<p>Trabalhamos com equipamentos modernos e t\u00e9cnicas atualizadas para garantir resultados duradouros, evitando retrabalhos e reduzindo custos futuros.<\/p>\n\n\n\n<p class=\"has-nv-text-dark-bg-color has-text-color\">Nosso compromisso \u00e9 entregar mais do que um servi\u00e7o: entregamos tranquilidade, confian\u00e7a e a certeza de que o problema foi resolvido da forma correta.<\/p>\n\n\n\n<div style=\"height:20px\" aria-hidden=\"true\" class=\"wp-block-spacer\"><\/div>\n\n\n\n<div class=\"wp-block-buttons has-custom-font-size has-small-font-size is-content-justification-left is-layout-flex wp-container-core-buttons-is-layout-fc4fd283 wp-block-buttons-is-layout-flex\">\n<div class=\"wp-block-button is-style-default\"><a class=\"wp-block-button__link has-nv-text-dark-bg-color has-neve-link-color-background-color has-text-color has-background has-link-color has-custom-font-size wp-element-button\" href=\"https:\/\/test.desentupidoracanal.com.br\/index.php\/contato\/\" style=\"font-size:16px\">Entrar em contato<\/a><\/div>\n<\/div>\n\n\n\n<div style=\"height:20px\" aria-hidden=\"true\" class=\"wp-block-spacer\"><\/div>\n<\/div>\n\n\n\n<div class=\"wp-block-column is-vertically-aligned-center is-layout-flow wp-block-column-is-layout-flow\" style=\"padding-right:var(--wp--preset--spacing--30);padding-left:var(--wp--preset--spacing--30);flex-basis:50%\">\n<figure class=\"wp-block-image size-full has-custom-border\"><img decoding=\"async\" width=\"1204\" height=\"1600\" src=\"https:\/\/test.desentupidoracanal.com.br\/wp-content\/uploads\/2026\/03\/caixas-dagua.jpeg\" alt=\"\" class=\"wp-image-283\" style=\"border-radius:16px\" srcset=\"https:\/\/desentupidoracanal.com.br\/wp-content\/uploads\/2026\/03\/caixas-dagua.jpeg 1204w, https:\/\/desentupidoracanal.com.br\/wp-content\/uploads\/2026\/03\/caixas-dagua-226x300.jpeg 226w, https:\/\/desentupidoracanal.com.br\/wp-content\/uploads\/2026\/03\/caixas-dagua-771x1024.jpeg 771w, https:\/\/desentupidoracanal.com.br\/wp-content\/uploads\/2026\/03\/caixas-dagua-768x1021.jpeg 768w, https:\/\/desentupidoracanal.com.br\/wp-content\/uploads\/2026\/03\/caixas-dagua-1156x1536.jpeg 1156w\" sizes=\"(max-width: 1204px) 100vw, 1204px\" \/><\/figure>\n<\/div>\n<\/div>\n\n\n\n<div style=\"height:40px\" aria-hidden=\"true\" class=\"wp-block-spacer\"><\/div>\n<\/div>\n<\/div><\/div>\n","protected":false},"excerpt":{"rendered":"<p>A Desentupidora Canal LTDA \u00e9 uma empresa especializada em servi\u00e7os de desentupimento, limpeza e manuten\u00e7\u00e3o de sistemas hidr\u00e1ulicos e redes de esgoto. Atendemos resid\u00eancias, condom\u00ednios, com\u00e9rcios e ind\u00fastrias, oferecendo solu\u00e7\u00f5es eficientes para problemas como entupimentos, refluxos e obstru\u00e7\u00f5es. Nossa miss\u00e3o \u00e9 proporcionar tranquilidade e seguran\u00e7a aos nossos clientes, utilizando tecnologia adequada e pr\u00e1ticas respons\u00e1veis.<\/p>\n","protected":false},"author":1,"featured_media":0,"parent":0,"menu_order":0,"comment_status":"closed","ping_status":"closed","template":"","meta":{"footnotes":""},"class_list":["post-9","page","type-page","status-publish","hentry"],"_links":{"self":[{"href":"https:\/\/desentupidoracanal.com.br\/index.php\/wp-json\/wp\/v2\/pages\/9","targetHints":{"allow":["GET"]}}],"collection":[{"href":"https:\/\/desentupidoracanal.com.br\/index.php\/wp-json\/wp\/v2\/pages"}],"about":[{"href":"https:\/\/desentupidoracanal.com.br\/index.php\/wp-json\/wp\/v2\/types\/page"}],"author":[{"embeddable":true,"href":"https:\/\/desentupidoracanal.com.br\/index.php\/wp-json\/wp\/v2\/users\/1"}],"replies":[{"embeddable":true,"href":"https:\/\/desentupidoracanal.com.br\/index.php\/wp-json\/wp\/v2\/comments?post=9"}],"version-history":[{"count":12,"href":"https:\/\/desentupidoracanal.com.br\/index.php\/wp-json\/wp\/v2\/pages\/9\/revisions"}],"predecessor-version":[{"id":286,"href":"https:\/\/desentupidoracanal.com.br\/index.php\/wp-json\/wp\/v2\/pages\/9\/revisions\/286"}],"wp:attachment":[{"href":"https:\/\/desentupidoracanal.com.br\/index.php\/wp-json\/wp\/v2\/media?parent=9"}],"curies":[{"name":"wp","href":"https:\/\/api.w.org\/{rel}","templated":true}]}}