{"id":8,"date":"2026-02-23T14:21:36","date_gmt":"2026-02-23T17:21:36","guid":{"rendered":"https:\/\/test.desentupidoracanal.com.br\/?page_id=8"},"modified":"2026-03-18T13:52:58","modified_gmt":"2026-03-18T16:52:58","slug":"pagina-inicial","status":"publish","type":"page","link":"https:\/\/desentupidoracanal.com.br\/","title":{"rendered":""},"content":{"rendered":"\t\t<div data-elementor-type=\"wp-page\" data-elementor-id=\"8\" class=\"elementor elementor-8\">\n\t\t\t\t<div class=\"elementor-element elementor-element-255da80 e-flex e-con-boxed e-con e-parent\" data-id=\"255da80\" data-element_type=\"container\" data-e-type=\"container\">\n\t\t\t\t\t<div class=\"e-con-inner\">\n\t\t\t\t<div class=\"elementor-element elementor-element-15b11734 elementor-widget elementor-widget-text-editor\" data-id=\"15b11734\" data-element_type=\"widget\" data-e-type=\"widget\" data-widget_type=\"text-editor.default\">\n\t\t\t\t\t\t\t\t\t\n<div class=\"wp-block-cover alignfull\" style=\"min-height: 800px;aspect-ratio:unset;\"><img decoding=\"async\" class=\"wp-block-cover__image-background\" style=\"object-position: 50% 72%;\" src=\"https:\/\/test.desentupidoracanal.com.br\/wp-content\/themes\/neve\/assets\/img\/starter-content\/neve-hero-2.png\" alt=\"\" data-object-fit=\"cover\" data-object-position=\"50% 72%\" \/>\n<div class=\"wp-block-cover__inner-container is-layout-flow wp-block-cover-is-layout-flow\">\n<div class=\"wp-block-columns are-vertically-aligned-center is-layout-flex wp-container-core-columns-is-layout-28f84493 wp-block-columns-is-layout-flex\">\n<div class=\"wp-block-column is-vertically-aligned-center is-layout-flow wp-block-column-is-layout-flow\" style=\"padding-right: var(--wp--preset--spacing--20); padding-left: var(--wp--preset--spacing--20); flex-basis: 65%;\">\n<h1 class=\"wp-block-heading has-text-align-left has-nv-text-dark-bg-color has-text-color\">DESENTUPIDORA CANAL LTDA.<br \/>Atendimento em BH e Regi\u00e3o Metropolitana<\/h1>\n\n<p class=\"has-text-align-left has-nv-text-dark-bg-color has-text-color\" style=\"font-size: 17px;\">Solu\u00e7\u00f5es profissionais em desentupimento residencial, comercial e industrial. Atendimento emergencial com equipe especializada.<\/p>\n\n<div class=\"wp-block-buttons is-horizontal is-content-justification-left is-layout-flex wp-container-core-buttons-is-layout-20be11b6 wp-block-buttons-is-layout-flex\">\n<div class=\"wp-block-button is-style-primary\"><a class=\"wp-block-button__link has-text-color has-background has-link-color wp-element-button\" style=\"color: #0a2279; background-color: #ffffff;\" href=\"https:\/\/test.desentupidoracanal.com.br\/index.php\/sobre\/\">Sobre n\u00f3s<\/a><\/div>\n<\/div>\n\n<div class=\"wp-block-spacer\" style=\"height: 100px;\" aria-hidden=\"true\">\u00a0<\/div>\n<\/div>\n\n<div class=\"wp-block-column is-vertically-aligned-center is-layout-flow wp-block-column-is-layout-flow\">\n<figure class=\"wp-block-image size-full\"><img fetchpriority=\"high\" decoding=\"async\" class=\"alignnone wp-image-46 size-full\" src=\"https:\/\/test.desentupidoracanal.com.br\/wp-content\/uploads\/2026\/02\/plumber-man-with-his-plunger-scaled.png\" alt=\"\" width=\"2560\" height=\"2127\" srcset=\"https:\/\/desentupidoracanal.com.br\/wp-content\/uploads\/2026\/02\/plumber-man-with-his-plunger-scaled.png 2560w, https:\/\/desentupidoracanal.com.br\/wp-content\/uploads\/2026\/02\/plumber-man-with-his-plunger-300x249.png 300w, https:\/\/desentupidoracanal.com.br\/wp-content\/uploads\/2026\/02\/plumber-man-with-his-plunger-1024x851.png 1024w, https:\/\/desentupidoracanal.com.br\/wp-content\/uploads\/2026\/02\/plumber-man-with-his-plunger-768x638.png 768w, https:\/\/desentupidoracanal.com.br\/wp-content\/uploads\/2026\/02\/plumber-man-with-his-plunger-1536x1276.png 1536w, https:\/\/desentupidoracanal.com.br\/wp-content\/uploads\/2026\/02\/plumber-man-with-his-plunger-2048x1702.png 2048w\" sizes=\"(max-width: 2560px) 100vw, 2560px\" \/><\/figure>\n<\/div>\n<\/div>\n<\/div>\n<\/div>\n<!-- \/wp:cover --><!-- wp:spacer {\"height\":\"40px\"} -->\n<div class=\"wp-block-spacer\" style=\"height: 40px;\" aria-hidden=\"true\">\u00a0<\/div>\n<!-- \/wp:spacer --><!-- wp:columns -->\n<div class=\"wp-block-columns\"><!-- wp:column {\"style\":{\"spacing\":{\"padding\":{\"right\":\"var:preset|spacing|30\",\"left\":\"var:preset|spacing|30\"}}},\"className\":\"neve-duotone\"} -->\n<div class=\"wp-block-column neve-duotone\" style=\"padding-right: var(--wp--preset--spacing--30); padding-left: var(--wp--preset--spacing--30);\"><!-- wp:image {\"sizeSlug\":\"full\",\"linkDestination\":\"none\",\"align\":\"center\",\"style\":{\"color\":{\"duotone\":\"unset\"},\"border\":{\"radius\":\"0px\"}},\"className\":\"icon-style is-style-default\"} -->\n<figure class=\"wp-block-image aligncenter size-full has-custom-border icon-style is-style-default\"><img decoding=\"async\" class=\"alignnone wp-image-88\" src=\"https:\/\/test.desentupidoracanal.com.br\/wp-content\/uploads\/2026\/02\/basin_2373454-300x300.png\" alt=\"\" width=\"80\" height=\"80\" srcset=\"https:\/\/desentupidoracanal.com.br\/wp-content\/uploads\/2026\/02\/basin_2373454-300x300.png 300w, https:\/\/desentupidoracanal.com.br\/wp-content\/uploads\/2026\/02\/basin_2373454-150x150.png 150w, https:\/\/desentupidoracanal.com.br\/wp-content\/uploads\/2026\/02\/basin_2373454.png 512w\" sizes=\"(max-width: 80px) 100vw, 80px\" \/><\/figure>\n<!-- \/wp:image --><!-- wp:spacer {\"height\":\"16px\"} -->\n<div class=\"wp-block-spacer\" style=\"height: 16px;\" aria-hidden=\"true\">\u00a0<\/div>\n<!-- \/wp:spacer --><!-- wp:heading {\"textAlign\":\"center\",\"level\":3,\"textColor\":\"neve-text-color\",\"className\":\"has-text-align-center\"} -->\n<h3 class=\"wp-block-heading has-text-align-center has-neve-text-color-color has-text-color\">Desentupimento de pia<\/h3>\n<!-- \/wp:heading --><!-- wp:paragraph {\"align\":\"center\"} -->\n<p class=\"has-text-align-center\">\u00a0<\/p>\n<!-- \/wp:paragraph --><!-- wp:spacer {\"height\":\"20px\"} -->\n<div class=\"wp-block-spacer\" style=\"height: 20px;\" aria-hidden=\"true\">\u00a0<\/div>\n<!-- \/wp:spacer --><\/div>\n<!-- \/wp:column --><!-- wp:column {\"style\":{\"spacing\":{\"padding\":{\"right\":\"var:preset|spacing|30\",\"left\":\"var:preset|spacing|30\"}}}} -->\n<div class=\"wp-block-column\" style=\"padding-right: var(--wp--preset--spacing--30); padding-left: var(--wp--preset--spacing--30);\"><!-- wp:image {\"sizeSlug\":\"full\",\"linkDestination\":\"none\",\"align\":\"center\",\"style\":{\"color\":[],\"border\":{\"radius\":\"0px\"}},\"className\":\"icon-style is-style-default\"} -->\n<figure class=\"wp-block-image aligncenter size-full has-custom-border icon-style is-style-default\"><img decoding=\"async\" class=\"alignnone wp-image-117\" src=\"https:\/\/test.desentupidoracanal.com.br\/wp-content\/uploads\/2026\/02\/repair_12847938-300x300.png\" alt=\"\" width=\"80\" height=\"80\" srcset=\"https:\/\/desentupidoracanal.com.br\/wp-content\/uploads\/2026\/02\/repair_12847938-300x300.png 300w, https:\/\/desentupidoracanal.com.br\/wp-content\/uploads\/2026\/02\/repair_12847938-150x150.png 150w, https:\/\/desentupidoracanal.com.br\/wp-content\/uploads\/2026\/02\/repair_12847938.png 512w\" sizes=\"(max-width: 80px) 100vw, 80px\" \/><\/figure>\n<!-- \/wp:image --><!-- wp:spacer {\"height\":\"16px\"} -->\n<div class=\"wp-block-spacer\" style=\"height: 16px;\" aria-hidden=\"true\">\u00a0<\/div>\n<!-- \/wp:spacer --><!-- wp:heading {\"textAlign\":\"center\",\"level\":3,\"textColor\":\"neve-text-color\",\"className\":\"has-text-align-center\"} -->\n<h3 class=\"wp-block-heading has-text-align-center has-neve-text-color-color has-text-color\">Limpeza de caixa d&#8217;\u00e1gua<\/h3>\n<!-- \/wp:heading --><!-- wp:paragraph {\"align\":\"center\"} -->\n<p class=\"has-text-align-center\">\u00a0<\/p>\n<!-- \/wp:paragraph --><!-- wp:spacer {\"height\":\"20px\"} -->\n<div class=\"wp-block-spacer\" style=\"height: 20px;\" aria-hidden=\"true\">\u00a0<\/div>\n<!-- \/wp:spacer --><\/div>\n<!-- \/wp:column --><!-- wp:column {\"style\":{\"spacing\":{\"padding\":{\"right\":\"var:preset|spacing|30\",\"left\":\"var:preset|spacing|30\"}}}} -->\n<div class=\"wp-block-column\" style=\"padding-right: var(--wp--preset--spacing--30); padding-left: var(--wp--preset--spacing--30);\"><!-- wp:image {\"sizeSlug\":\"full\",\"linkDestination\":\"none\",\"align\":\"center\",\"style\":{\"color\":{\"duotone\":\"unset\"},\"border\":{\"radius\":\"0px\"}},\"className\":\"icon-style is-style-default\"} -->\n<figure class=\"wp-block-image aligncenter size-full has-custom-border icon-style is-style-default\"><img loading=\"lazy\" decoding=\"async\" class=\"alignnone wp-image-91\" src=\"https:\/\/test.desentupidoracanal.com.br\/wp-content\/uploads\/2026\/02\/cleaning_12588985-300x300.png\" alt=\"\" width=\"80\" height=\"80\" srcset=\"https:\/\/desentupidoracanal.com.br\/wp-content\/uploads\/2026\/02\/cleaning_12588985-300x300.png 300w, https:\/\/desentupidoracanal.com.br\/wp-content\/uploads\/2026\/02\/cleaning_12588985-150x150.png 150w, https:\/\/desentupidoracanal.com.br\/wp-content\/uploads\/2026\/02\/cleaning_12588985.png 512w\" sizes=\"(max-width: 80px) 100vw, 80px\" \/><\/figure>\n<!-- \/wp:image --><!-- wp:spacer {\"height\":\"16px\"} -->\n<div class=\"wp-block-spacer\" style=\"height: 16px;\" aria-hidden=\"true\">\u00a0<\/div>\n<!-- \/wp:spacer --><!-- wp:heading {\"textAlign\":\"center\",\"level\":3,\"textColor\":\"neve-text-color\",\"className\":\"has-text-align-center\"} -->\n<h3 class=\"wp-block-heading has-text-align-center has-neve-text-color-color has-text-color\">Desentupimento de rede geral<\/h3>\n<!-- \/wp:heading --><!-- wp:paragraph {\"align\":\"center\"} -->\n<p class=\"has-text-align-center\">\u00a0<\/p>\n<!-- \/wp:paragraph --><!-- wp:spacer {\"height\":\"20px\"} -->\n<div class=\"wp-block-spacer\" style=\"height: 20px;\" aria-hidden=\"true\">\u00a0<\/div>\n<!-- \/wp:spacer --><\/div>\n<!-- \/wp:column --><!-- wp:column {\"style\":{\"spacing\":{\"padding\":{\"right\":\"var:preset|spacing|30\",\"left\":\"var:preset|spacing|30\"}}}} -->\n<div class=\"wp-block-column\" style=\"padding-right: var(--wp--preset--spacing--30); padding-left: var(--wp--preset--spacing--30);\"><!-- wp:image {\"sizeSlug\":\"full\",\"linkDestination\":\"none\",\"align\":\"center\",\"style\":{\"color\":{\"duotone\":\"unset\"},\"border\":{\"radius\":\"0px\"}},\"className\":\"icon-style is-style-default\"} -->\n<figure class=\"wp-block-image aligncenter size-full has-custom-border icon-style is-style-default\"><img loading=\"lazy\" decoding=\"async\" class=\"alignnone wp-image-190\" src=\"https:\/\/test.desentupidoracanal.com.br\/wp-content\/uploads\/2026\/03\/bug_2297305-300x300.png\" alt=\"\" width=\"80\" height=\"80\" srcset=\"https:\/\/desentupidoracanal.com.br\/wp-content\/uploads\/2026\/03\/bug_2297305-300x300.png 300w, https:\/\/desentupidoracanal.com.br\/wp-content\/uploads\/2026\/03\/bug_2297305-150x150.png 150w, https:\/\/desentupidoracanal.com.br\/wp-content\/uploads\/2026\/03\/bug_2297305.png 512w\" sizes=\"(max-width: 80px) 100vw, 80px\" \/><\/figure>\n<!-- \/wp:image --><!-- wp:spacer {\"height\":\"16px\"} -->\n<div class=\"wp-block-spacer\" style=\"height: 16px;\" aria-hidden=\"true\">\u00a0<\/div>\n<!-- \/wp:spacer --><!-- wp:heading {\"textAlign\":\"center\",\"level\":3,\"textColor\":\"neve-text-color\",\"className\":\"has-text-align-center\"} -->\n<h3 class=\"wp-block-heading has-text-align-center has-neve-text-color-color has-text-color\">Dedetiza\u00e7\u00e3o de ambientes<\/h3>\n<!-- \/wp:heading --><!-- wp:paragraph {\"align\":\"center\"} -->\n<p class=\"has-text-align-center\">\u00a0<\/p>\n<\/div>\n<\/div>\n<div class=\"wp-block-cover alignfull\" style=\"min-height: 600px;\">\n<div class=\"wp-block-cover__inner-container\">\n<div class=\"wp-block-group\">\n<div class=\"wp-block-columns\">\n<div class=\"wp-block-column\" style=\"flex-basis: 60%;\">\n<div class=\"wp-block-group\">\n<h2><!-- \/wp:spacer --><\/h2>\n<\/div>\n<h2><!-- \/wp:group --><\/h2>\n<\/div>\n<h2><!-- \/wp:column --><!-- wp:column {\"width\":\"20%\"} --><\/h2>\n<h2 class=\"wp-block-column\" style=\"flex-basis: 20%;\"><!-- wp:group {\"layout\":{\"type\":\"flex\",\"orientation\":\"vertical\",\"justifyContent\":\"center\"}} --><\/h2>\n<div class=\"wp-block-group\">\u00a0<\/div>\n<h2 class=\"wp-block-column\" style=\"flex-basis: 20%;\"><!-- \/wp:group --><\/h2>\n<!-- \/wp:column --><\/div>\n<!-- \/wp:columns --><!-- wp:columns {\"verticalAlignment\":\"center\"} -->\n<div class=\"wp-block-columns are-vertically-aligned-center\"><!-- wp:column {\"verticalAlignment\":\"center\",\"width\":\"50%\",\"style\":{\"spacing\":{\"padding\":{\"right\":\"var:preset|spacing|30\",\"left\":\"var:preset|spacing|30\"}}}} -->\n<div class=\"wp-block-column is-vertically-aligned-center\" style=\"padding-right: var(--wp--preset--spacing--30); padding-left: var(--wp--preset--spacing--30); flex-basis: 50%;\"><!-- wp:image {\"lightbox\":{\"enabled\":false},\"sizeSlug\":\"full\",\"linkDestination\":\"custom\",\"style\":{\"border\":{\"radius\":\"16px\"}}} -->\n<figure class=\"wp-block-image size-full has-custom-border\"><img loading=\"lazy\" decoding=\"async\" class=\"alignnone wp-image-241 size-full\" src=\"https:\/\/test.desentupidoracanal.com.br\/wp-content\/uploads\/2026\/03\/desentupimento-caixa-de-gordura.png\" alt=\"\" width=\"1376\" height=\"768\" srcset=\"https:\/\/desentupidoracanal.com.br\/wp-content\/uploads\/2026\/03\/desentupimento-caixa-de-gordura.png 1376w, https:\/\/desentupidoracanal.com.br\/wp-content\/uploads\/2026\/03\/desentupimento-caixa-de-gordura-300x167.png 300w, https:\/\/desentupidoracanal.com.br\/wp-content\/uploads\/2026\/03\/desentupimento-caixa-de-gordura-1024x572.png 1024w, https:\/\/desentupidoracanal.com.br\/wp-content\/uploads\/2026\/03\/desentupimento-caixa-de-gordura-768x429.png 768w\" sizes=\"(max-width: 1376px) 100vw, 1376px\" \/><\/figure>\n<!-- \/wp:image --><!-- wp:spacer {\"height\":\"24px\"} -->\n<div class=\"wp-block-spacer\" style=\"height: 24px;\" aria-hidden=\"true\">\u00a0<\/div>\n<!-- \/wp:spacer --><!-- wp:heading {\"textAlign\":\"center\",\"level\":3,\"textColor\":\"neve-text-color\"} -->\n<h2 class=\"wp-block-heading has-text-align-center has-neve-text-color-color has-text-color\">Limpeza das caixas de gordura s\u00e3o feitas com caminh\u00e3o de suc\u00e7\u00e3o, garantindo melhor efici\u00eancia.<\/h2>\n<!-- \/wp:heading --><!-- wp:spacer {\"height\":\"40px\"} -->\n<div class=\"wp-block-spacer\" style=\"height: 40px;\" aria-hidden=\"true\">\u00a0<\/div>\n<!-- \/wp:spacer --><\/div>\n<!-- \/wp:column --><!-- wp:column {\"verticalAlignment\":\"center\",\"width\":\"50%\",\"style\":{\"spacing\":{\"padding\":{\"right\":\"var:preset|spacing|30\",\"left\":\"var:preset|spacing|30\"}}}} -->\n<div class=\"wp-block-column is-vertically-aligned-center\" style=\"padding-right: var(--wp--preset--spacing--30); padding-left: var(--wp--preset--spacing--30); flex-basis: 50%;\"><!-- wp:image {\"lightbox\":{\"enabled\":false},\"sizeSlug\":\"full\",\"linkDestination\":\"custom\",\"style\":{\"border\":{\"radius\":\"16px\"}}} -->\n<figure class=\"wp-block-image size-full has-custom-border\"><img loading=\"lazy\" decoding=\"async\" class=\"alignnone wp-image-249 size-full\" src=\"https:\/\/test.desentupidoracanal.com.br\/wp-content\/uploads\/2026\/03\/limpezadecaixa.png\" alt=\"\" width=\"1376\" height=\"768\" srcset=\"https:\/\/desentupidoracanal.com.br\/wp-content\/uploads\/2026\/03\/limpezadecaixa.png 1376w, https:\/\/desentupidoracanal.com.br\/wp-content\/uploads\/2026\/03\/limpezadecaixa-300x167.png 300w, https:\/\/desentupidoracanal.com.br\/wp-content\/uploads\/2026\/03\/limpezadecaixa-1024x572.png 1024w, https:\/\/desentupidoracanal.com.br\/wp-content\/uploads\/2026\/03\/limpezadecaixa-768x429.png 768w\" sizes=\"(max-width: 1376px) 100vw, 1376px\" \/><\/figure>\n<!-- \/wp:image --><!-- wp:spacer {\"height\":\"24px\"} -->\n<div class=\"wp-block-spacer\" style=\"height: 24px;\" aria-hidden=\"true\">\u00a0<\/div>\n<!-- \/wp:spacer --><!-- wp:heading {\"textAlign\":\"center\",\"level\":3,\"textColor\":\"neve-text-color\"} -->\n<h2 class=\"wp-block-heading has-text-align-center has-neve-text-color-color has-text-color\">Limpeza de caixa d&#8217;\u00e1gua e reservat\u00f3rios atrav\u00e9s de hidrojateamento conforme as normas da vigil\u00e2ncia sanit\u00e1ria.<\/h2>\n<!-- \/wp:heading --><!-- wp:spacer {\"height\":\"40px\"} -->\n<div class=\"wp-block-spacer\" style=\"height: 40px;\" aria-hidden=\"true\">\u00a0<\/div>\n<!-- \/wp:spacer --><\/div>\n<!-- \/wp:column --><\/div>\n<!-- \/wp:columns --><\/div>\n<!-- \/wp:group --><\/div>\n<\/div>\t\t\t\t\t\t\t\t<\/div>\n\t\t\t\t\t<\/div>\n\t\t\t\t<\/div>\n\t\t<div class=\"elementor-element elementor-element-6ffa5ec e-flex e-con-boxed e-con e-parent\" data-id=\"6ffa5ec\" data-element_type=\"container\" data-e-type=\"container\">\n\t\t\t\t\t<div class=\"e-con-inner\">\n\t\t\t\t<div class=\"elementor-element elementor-element-ce09e88 elementor-widget elementor-widget-heading\" data-id=\"ce09e88\" data-element_type=\"widget\" data-e-type=\"widget\" data-widget_type=\"heading.default\">\n\t\t\t\t\t<h2 class=\"elementor-heading-title elementor-size-default\">Nossos clientes<\/h2>\t\t\t\t<\/div>\n\t\t\t\t\t<\/div>\n\t\t\t\t<\/div>\n\t\t<div class=\"elementor-element elementor-element-d58f1ee e-flex e-con-boxed e-con e-parent\" data-id=\"d58f1ee\" data-element_type=\"container\" data-e-type=\"container\">\n\t\t\t\t\t<div class=\"e-con-inner\">\n\t\t\t\t<div class=\"elementor-element elementor-element-2104dd4 elementor-widget elementor-widget-image\" data-id=\"2104dd4\" data-element_type=\"widget\" data-e-type=\"widget\" data-widget_type=\"image.default\">\n\t\t\t\t\t\t\t\t\t\t\t\t\t\t\t<img loading=\"lazy\" decoding=\"async\" width=\"150\" height=\"150\" src=\"https:\/\/desentupidoracanal.com.br\/wp-content\/uploads\/2026\/03\/logo-vale-256-150x150.png\" class=\"attachment-thumbnail size-thumbnail wp-image-236\" alt=\"\" srcset=\"https:\/\/desentupidoracanal.com.br\/wp-content\/uploads\/2026\/03\/logo-vale-256-150x150.png 150w, https:\/\/desentupidoracanal.com.br\/wp-content\/uploads\/2026\/03\/logo-vale-256.png 256w\" sizes=\"(max-width: 150px) 100vw, 150px\" \/>\t\t\t\t\t\t\t\t\t\t\t\t\t\t\t<\/div>\n\t\t\t\t<div class=\"elementor-element elementor-element-7ba1da7 elementor-widget elementor-widget-image\" data-id=\"7ba1da7\" data-element_type=\"widget\" data-e-type=\"widget\" data-widget_type=\"image.default\">\n\t\t\t\t\t\t\t\t\t\t\t\t\t\t\t<img loading=\"lazy\" decoding=\"async\" width=\"150\" height=\"150\" src=\"https:\/\/desentupidoracanal.com.br\/wp-content\/uploads\/2026\/03\/DD1B1663960A376B-150x150.jpeg\" class=\"attachment-thumbnail size-thumbnail wp-image-299\" alt=\"\" srcset=\"https:\/\/desentupidoracanal.com.br\/wp-content\/uploads\/2026\/03\/DD1B1663960A376B-150x150.jpeg 150w, https:\/\/desentupidoracanal.com.br\/wp-content\/uploads\/2026\/03\/DD1B1663960A376B.jpeg 300w\" sizes=\"(max-width: 150px) 100vw, 150px\" \/>\t\t\t\t\t\t\t\t\t\t\t\t\t\t\t<\/div>\n\t\t\t\t<div class=\"elementor-element elementor-element-b76d49b elementor-widget elementor-widget-image\" data-id=\"b76d49b\" data-element_type=\"widget\" data-e-type=\"widget\" data-widget_type=\"image.default\">\n\t\t\t\t\t\t\t\t\t\t\t\t\t\t\t<img loading=\"lazy\" decoding=\"async\" width=\"150\" height=\"150\" src=\"https:\/\/desentupidoracanal.com.br\/wp-content\/uploads\/2026\/03\/radisson-150x150.png\" class=\"attachment-thumbnail size-thumbnail wp-image-235\" alt=\"\" srcset=\"https:\/\/desentupidoracanal.com.br\/wp-content\/uploads\/2026\/03\/radisson-150x150.png 150w, https:\/\/desentupidoracanal.com.br\/wp-content\/uploads\/2026\/03\/radisson.png 300w\" sizes=\"(max-width: 150px) 100vw, 150px\" \/>\t\t\t\t\t\t\t\t\t\t\t\t\t\t\t<\/div>\n\t\t\t\t<div class=\"elementor-element elementor-element-99ffba6 elementor-widget elementor-widget-image\" data-id=\"99ffba6\" data-element_type=\"widget\" data-e-type=\"widget\" data-widget_type=\"image.default\">\n\t\t\t\t\t\t\t\t\t\t\t\t\t\t\t<img loading=\"lazy\" decoding=\"async\" width=\"150\" height=\"150\" src=\"https:\/\/desentupidoracanal.com.br\/wp-content\/uploads\/2026\/03\/prosind-cond-150x150.png\" class=\"attachment-thumbnail size-thumbnail wp-image-239\" alt=\"\" srcset=\"https:\/\/desentupidoracanal.com.br\/wp-content\/uploads\/2026\/03\/prosind-cond-150x150.png 150w, https:\/\/desentupidoracanal.com.br\/wp-content\/uploads\/2026\/03\/prosind-cond.png 300w\" sizes=\"(max-width: 150px) 100vw, 150px\" \/>\t\t\t\t\t\t\t\t\t\t\t\t\t\t\t<\/div>\n\t\t\t\t<div class=\"elementor-element elementor-element-d91e5aa elementor-widget elementor-widget-image\" data-id=\"d91e5aa\" data-element_type=\"widget\" data-e-type=\"widget\" data-widget_type=\"image.default\">\n\t\t\t\t\t\t\t\t\t\t\t\t\t\t\t<img loading=\"lazy\" decoding=\"async\" width=\"150\" height=\"150\" src=\"https:\/\/desentupidoracanal.com.br\/wp-content\/uploads\/2026\/03\/pacto-administradora-150x150.png\" class=\"attachment-thumbnail size-thumbnail wp-image-240\" alt=\"\" srcset=\"https:\/\/desentupidoracanal.com.br\/wp-content\/uploads\/2026\/03\/pacto-administradora-150x150.png 150w, https:\/\/desentupidoracanal.com.br\/wp-content\/uploads\/2026\/03\/pacto-administradora.png 300w\" sizes=\"(max-width: 150px) 100vw, 150px\" \/>\t\t\t\t\t\t\t\t\t\t\t\t\t\t\t<\/div>\n\t\t\t\t\t<\/div>\n\t\t\t\t<\/div>\n\t\t\t\t<\/div>\n\t\t","protected":false},"excerpt":{"rendered":"<p>\u00a0 \u00a0 Desentupimento de pia \u00a0 \u00a0 \u00a0 Limpeza de caixa d&#8217;\u00e1gua \u00a0 \u00a0 \u00a0 Desentupimento de rede geral \u00a0 \u00a0 \u00a0 Dedetiza\u00e7\u00e3o de ambientes \u00a0 \u00a0 \u00a0 Limpeza das caixas de gordura s\u00e3o feitas com caminh\u00e3o de suc\u00e7\u00e3o, garantindo melhor efici\u00eancia. \u00a0 \u00a0 Limpeza de caixa d&#8217;\u00e1gua e reservat\u00f3rios atrav\u00e9s de hidrojateamento conforme as [&hellip;]<\/p>\n","protected":false},"author":1,"featured_media":0,"parent":0,"menu_order":0,"comment_status":"closed","ping_status":"closed","template":"","meta":{"footnotes":""},"class_list":["post-8","page","type-page","status-publish","hentry"],"_links":{"self":[{"href":"https:\/\/desentupidoracanal.com.br\/index.php\/wp-json\/wp\/v2\/pages\/8","targetHints":{"allow":["GET"]}}],"collection":[{"href":"https:\/\/desentupidoracanal.com.br\/index.php\/wp-json\/wp\/v2\/pages"}],"about":[{"href":"https:\/\/desentupidoracanal.com.br\/index.php\/wp-json\/wp\/v2\/types\/page"}],"author":[{"embeddable":true,"href":"https:\/\/desentupidoracanal.com.br\/index.php\/wp-json\/wp\/v2\/users\/1"}],"replies":[{"embeddable":true,"href":"https:\/\/desentupidoracanal.com.br\/index.php\/wp-json\/wp\/v2\/comments?post=8"}],"version-history":[{"count":170,"href":"https:\/\/desentupidoracanal.com.br\/index.php\/wp-json\/wp\/v2\/pages\/8\/revisions"}],"predecessor-version":[{"id":324,"href":"https:\/\/desentupidoracanal.com.br\/index.php\/wp-json\/wp\/v2\/pages\/8\/revisions\/324"}],"wp:attachment":[{"href":"https:\/\/desentupidoracanal.com.br\/index.php\/wp-json\/wp\/v2\/media?parent=8"}],"curies":[{"name":"wp","href":"https:\/\/api.w.org\/{rel}","templated":true}]}}