{"id":73,"date":"2026-02-24T09:23:17","date_gmt":"2026-02-24T12:23:17","guid":{"rendered":"https:\/\/test.desentupidoracanal.com.br\/?page_id=73"},"modified":"2026-03-13T10:48:38","modified_gmt":"2026-03-13T13:48:38","slug":"servicos","status":"publish","type":"page","link":"https:\/\/desentupidoracanal.com.br\/index.php\/servicos\/","title":{"rendered":"Servi\u00e7os"},"content":{"rendered":"\t\t<div data-elementor-type=\"wp-page\" data-elementor-id=\"73\" class=\"elementor elementor-73\">\n\t\t\t\t<div class=\"elementor-element elementor-element-93d21db e-flex e-con-boxed e-con e-parent\" data-id=\"93d21db\" data-element_type=\"container\" data-e-type=\"container\">\n\t\t\t\t\t<div class=\"e-con-inner\">\n\t\t\t\t<div class=\"elementor-element elementor-element-48859cf elementor-widget elementor-widget-text-editor\" data-id=\"48859cf\" data-element_type=\"widget\" data-e-type=\"widget\" data-widget_type=\"text-editor.default\">\n\t\t\t\t\t\t\t\t\t<p>Na <strong>Desentupidora Canal LTDA<\/strong>, oferecemos solu\u00e7\u00f5es completas em desentupimento e manuten\u00e7\u00e3o de sistemas hidr\u00e1ulicos, atendendo resid\u00eancias, condom\u00ednios, com\u00e9rcios e ind\u00fastrias com rapidez e efici\u00eancia.<\/p>\n<p>Trabalhamos com equipamentos modernos e equipe especializada para garantir um servi\u00e7o limpo, seguro e definitivo.<\/p>\t\t\t\t\t\t\t\t<\/div>\n\t\t\t\t\t<\/div>\n\t\t\t\t<\/div>\n\t\t<div class=\"elementor-element elementor-element-fb048cf e-flex e-con-boxed e-con e-parent\" data-id=\"fb048cf\" data-element_type=\"container\" data-e-type=\"container\">\n\t\t\t\t\t<div class=\"e-con-inner\">\n\t\t<div class=\"elementor-element elementor-element-41ca74a e-con-full e-flex e-con e-child\" data-id=\"41ca74a\" data-element_type=\"container\" data-e-type=\"container\">\n\t\t\t\t<div class=\"elementor-element elementor-element-ab08cda elementor-widget elementor-widget-text-editor\" data-id=\"ab08cda\" data-element_type=\"widget\" data-e-type=\"widget\" data-widget_type=\"text-editor.default\">\n\t\t\t\t\t\t\t\t\t<p><!-- \/wp:paragraph --><!-- wp:paragraph --><\/p>\n<h5><img decoding=\"async\" class=\"alignnone wp-image-214\" src=\"https:\/\/test.desentupidoracanal.com.br\/wp-content\/uploads\/2026\/03\/star_4008578-300x300.png\" alt=\"\" width=\"30\" height=\"30\" srcset=\"https:\/\/desentupidoracanal.com.br\/wp-content\/uploads\/2026\/03\/star_4008578-300x300.png 300w, https:\/\/desentupidoracanal.com.br\/wp-content\/uploads\/2026\/03\/star_4008578-150x150.png 150w, https:\/\/desentupidoracanal.com.br\/wp-content\/uploads\/2026\/03\/star_4008578.png 512w\" sizes=\"(max-width: 30px) 100vw, 30px\" \/>Limpeza de caixa d&#8217;agua<br \/><img decoding=\"async\" class=\"alignnone wp-image-214\" src=\"https:\/\/test.desentupidoracanal.com.br\/wp-content\/uploads\/2026\/03\/star_4008578-300x300.png\" alt=\"\" width=\"30\" height=\"30\" srcset=\"https:\/\/desentupidoracanal.com.br\/wp-content\/uploads\/2026\/03\/star_4008578-300x300.png 300w, https:\/\/desentupidoracanal.com.br\/wp-content\/uploads\/2026\/03\/star_4008578-150x150.png 150w, https:\/\/desentupidoracanal.com.br\/wp-content\/uploads\/2026\/03\/star_4008578.png 512w\" sizes=\"(max-width: 30px) 100vw, 30px\" \/>Limpeza de reservat\u00f3rio<br \/><img decoding=\"async\" class=\"alignnone wp-image-214\" src=\"https:\/\/test.desentupidoracanal.com.br\/wp-content\/uploads\/2026\/03\/star_4008578-300x300.png\" alt=\"\" width=\"30\" height=\"30\" srcset=\"https:\/\/desentupidoracanal.com.br\/wp-content\/uploads\/2026\/03\/star_4008578-300x300.png 300w, https:\/\/desentupidoracanal.com.br\/wp-content\/uploads\/2026\/03\/star_4008578-150x150.png 150w, https:\/\/desentupidoracanal.com.br\/wp-content\/uploads\/2026\/03\/star_4008578.png 512w\" sizes=\"(max-width: 30px) 100vw, 30px\" \/>Limpeza de caixa de gordura<br \/><img decoding=\"async\" class=\"alignnone wp-image-214\" src=\"https:\/\/test.desentupidoracanal.com.br\/wp-content\/uploads\/2026\/03\/star_4008578-300x300.png\" alt=\"\" width=\"30\" height=\"30\" srcset=\"https:\/\/desentupidoracanal.com.br\/wp-content\/uploads\/2026\/03\/star_4008578-300x300.png 300w, https:\/\/desentupidoracanal.com.br\/wp-content\/uploads\/2026\/03\/star_4008578-150x150.png 150w, https:\/\/desentupidoracanal.com.br\/wp-content\/uploads\/2026\/03\/star_4008578.png 512w\" sizes=\"(max-width: 30px) 100vw, 30px\" \/>Dedetiza\u00e7\u00e3o de \u00c1rea Externa<br \/><img decoding=\"async\" class=\"alignnone wp-image-214\" src=\"https:\/\/test.desentupidoracanal.com.br\/wp-content\/uploads\/2026\/03\/star_4008578-300x300.png\" alt=\"\" width=\"30\" height=\"30\" srcset=\"https:\/\/desentupidoracanal.com.br\/wp-content\/uploads\/2026\/03\/star_4008578-300x300.png 300w, https:\/\/desentupidoracanal.com.br\/wp-content\/uploads\/2026\/03\/star_4008578-150x150.png 150w, https:\/\/desentupidoracanal.com.br\/wp-content\/uploads\/2026\/03\/star_4008578.png 512w\" sizes=\"(max-width: 30px) 100vw, 30px\" \/>Dedetiza\u00e7\u00e3o de apartamento\/sala<br \/><img decoding=\"async\" class=\"alignnone wp-image-214\" src=\"https:\/\/test.desentupidoracanal.com.br\/wp-content\/uploads\/2026\/03\/star_4008578-300x300.png\" alt=\"\" width=\"30\" height=\"30\" srcset=\"https:\/\/desentupidoracanal.com.br\/wp-content\/uploads\/2026\/03\/star_4008578-300x300.png 300w, https:\/\/desentupidoracanal.com.br\/wp-content\/uploads\/2026\/03\/star_4008578-150x150.png 150w, https:\/\/desentupidoracanal.com.br\/wp-content\/uploads\/2026\/03\/star_4008578.png 512w\" sizes=\"(max-width: 30px) 100vw, 30px\" \/>Desentupimento de rede geral de esgoto<br \/><img decoding=\"async\" class=\"alignnone wp-image-214\" src=\"https:\/\/test.desentupidoracanal.com.br\/wp-content\/uploads\/2026\/03\/star_4008578-300x300.png\" alt=\"\" width=\"30\" height=\"30\" srcset=\"https:\/\/desentupidoracanal.com.br\/wp-content\/uploads\/2026\/03\/star_4008578-300x300.png 300w, https:\/\/desentupidoracanal.com.br\/wp-content\/uploads\/2026\/03\/star_4008578-150x150.png 150w, https:\/\/desentupidoracanal.com.br\/wp-content\/uploads\/2026\/03\/star_4008578.png 512w\" sizes=\"(max-width: 30px) 100vw, 30px\" \/>Desentupimento de coluna de gordura<br \/><img decoding=\"async\" class=\"alignnone wp-image-214\" src=\"https:\/\/test.desentupidoracanal.com.br\/wp-content\/uploads\/2026\/03\/star_4008578-300x300.png\" alt=\"\" width=\"30\" height=\"30\" srcset=\"https:\/\/desentupidoracanal.com.br\/wp-content\/uploads\/2026\/03\/star_4008578-300x300.png 300w, https:\/\/desentupidoracanal.com.br\/wp-content\/uploads\/2026\/03\/star_4008578-150x150.png 150w, https:\/\/desentupidoracanal.com.br\/wp-content\/uploads\/2026\/03\/star_4008578.png 512w\" sizes=\"(max-width: 30px) 100vw, 30px\" \/>Desentupimento de vaso sanit\u00e1rio<br \/><img decoding=\"async\" class=\"alignnone wp-image-214\" src=\"https:\/\/test.desentupidoracanal.com.br\/wp-content\/uploads\/2026\/03\/star_4008578-300x300.png\" alt=\"\" width=\"30\" height=\"30\" srcset=\"https:\/\/desentupidoracanal.com.br\/wp-content\/uploads\/2026\/03\/star_4008578-300x300.png 300w, https:\/\/desentupidoracanal.com.br\/wp-content\/uploads\/2026\/03\/star_4008578-150x150.png 150w, https:\/\/desentupidoracanal.com.br\/wp-content\/uploads\/2026\/03\/star_4008578.png 512w\" sizes=\"(max-width: 30px) 100vw, 30px\" \/>Desentupimento de pia<br \/><img decoding=\"async\" class=\"alignnone wp-image-214\" src=\"https:\/\/test.desentupidoracanal.com.br\/wp-content\/uploads\/2026\/03\/star_4008578-300x300.png\" alt=\"\" width=\"30\" height=\"30\" srcset=\"https:\/\/desentupidoracanal.com.br\/wp-content\/uploads\/2026\/03\/star_4008578-300x300.png 300w, https:\/\/desentupidoracanal.com.br\/wp-content\/uploads\/2026\/03\/star_4008578-150x150.png 150w, https:\/\/desentupidoracanal.com.br\/wp-content\/uploads\/2026\/03\/star_4008578.png 512w\" sizes=\"(max-width: 30px) 100vw, 30px\" \/>Desentupimento de rede pluvial<br \/><img decoding=\"async\" class=\"alignnone wp-image-214\" src=\"https:\/\/test.desentupidoracanal.com.br\/wp-content\/uploads\/2026\/03\/star_4008578-300x300.png\" alt=\"\" width=\"30\" height=\"30\" srcset=\"https:\/\/desentupidoracanal.com.br\/wp-content\/uploads\/2026\/03\/star_4008578-300x300.png 300w, https:\/\/desentupidoracanal.com.br\/wp-content\/uploads\/2026\/03\/star_4008578-150x150.png 150w, https:\/\/desentupidoracanal.com.br\/wp-content\/uploads\/2026\/03\/star_4008578.png 512w\" sizes=\"(max-width: 30px) 100vw, 30px\" \/>Desentupimento de ralo<\/h5>\t\t\t\t\t\t\t\t<\/div>\n\t\t\t\t<\/div>\n\t\t<div class=\"elementor-element elementor-element-c3aeb33 e-con-full e-flex e-con e-child\" data-id=\"c3aeb33\" data-element_type=\"container\" data-e-type=\"container\">\n\t\t\t\t<div class=\"elementor-element elementor-element-c52fd79 elementor-widget elementor-widget-image\" data-id=\"c52fd79\" data-element_type=\"widget\" data-e-type=\"widget\" data-widget_type=\"image.default\">\n\t\t\t\t\t\t\t\t\t\t\t\t\t\t\t<img fetchpriority=\"high\" decoding=\"async\" width=\"768\" height=\"429\" src=\"https:\/\/desentupidoracanal.com.br\/wp-content\/uploads\/2026\/03\/atendimento-768x429.png\" class=\"attachment-medium_large size-medium_large wp-image-248\" alt=\"\" srcset=\"https:\/\/desentupidoracanal.com.br\/wp-content\/uploads\/2026\/03\/atendimento-768x429.png 768w, https:\/\/desentupidoracanal.com.br\/wp-content\/uploads\/2026\/03\/atendimento-300x167.png 300w, https:\/\/desentupidoracanal.com.br\/wp-content\/uploads\/2026\/03\/atendimento-1024x572.png 1024w, https:\/\/desentupidoracanal.com.br\/wp-content\/uploads\/2026\/03\/atendimento.png 1376w\" sizes=\"(max-width: 768px) 100vw, 768px\" \/>\t\t\t\t\t\t\t\t\t\t\t\t\t\t\t<\/div>\n\t\t\t\t<\/div>\n\t\t\t\t\t<\/div>\n\t\t\t\t<\/div>\n\t\t\t\t<\/div>\n\t\t","protected":false},"excerpt":{"rendered":"<p>Na Desentupidora Canal LTDA, oferecemos solu\u00e7\u00f5es completas em desentupimento e manuten\u00e7\u00e3o de sistemas hidr\u00e1ulicos, atendendo resid\u00eancias, condom\u00ednios, com\u00e9rcios e ind\u00fastrias com rapidez e efici\u00eancia. Trabalhamos com equipamentos modernos e equipe especializada para garantir um servi\u00e7o limpo, seguro e definitivo. Limpeza de caixa d&#8217;aguaLimpeza de reservat\u00f3rioLimpeza de caixa de gorduraDedetiza\u00e7\u00e3o de \u00c1rea ExternaDedetiza\u00e7\u00e3o de apartamento\/salaDesentupimento de [&hellip;]<\/p>\n","protected":false},"author":1,"featured_media":0,"parent":0,"menu_order":0,"comment_status":"closed","ping_status":"closed","template":"","meta":{"footnotes":""},"class_list":["post-73","page","type-page","status-publish","hentry"],"_links":{"self":[{"href":"https:\/\/desentupidoracanal.com.br\/index.php\/wp-json\/wp\/v2\/pages\/73","targetHints":{"allow":["GET"]}}],"collection":[{"href":"https:\/\/desentupidoracanal.com.br\/index.php\/wp-json\/wp\/v2\/pages"}],"about":[{"href":"https:\/\/desentupidoracanal.com.br\/index.php\/wp-json\/wp\/v2\/types\/page"}],"author":[{"embeddable":true,"href":"https:\/\/desentupidoracanal.com.br\/index.php\/wp-json\/wp\/v2\/users\/1"}],"replies":[{"embeddable":true,"href":"https:\/\/desentupidoracanal.com.br\/index.php\/wp-json\/wp\/v2\/comments?post=73"}],"version-history":[{"count":13,"href":"https:\/\/desentupidoracanal.com.br\/index.php\/wp-json\/wp\/v2\/pages\/73\/revisions"}],"predecessor-version":[{"id":294,"href":"https:\/\/desentupidoracanal.com.br\/index.php\/wp-json\/wp\/v2\/pages\/73\/revisions\/294"}],"wp:attachment":[{"href":"https:\/\/desentupidoracanal.com.br\/index.php\/wp-json\/wp\/v2\/media?parent=73"}],"curies":[{"name":"wp","href":"https:\/\/api.w.org\/{rel}","templated":true}]}}